{"id":3307,"date":"2023-11-20T12:24:13","date_gmt":"2023-11-20T12:24:13","guid":{"rendered":"https:\/\/wmt-leipzig.de\/\/?page_id=3307"},"modified":"2025-04-30T12:15:43","modified_gmt":"2025-04-30T12:15:43","slug":"universal-rundschleifmaschinen","status":"publish","type":"page","link":"https:\/\/wmt-leipzig.de\/en\/unsereprodukte\/universal-rundschleifmaschinen\/","title":{"rendered":"Universal grinding machines"},"content":{"rendered":"<div class=\"wp-block-stackable-image-box alignfull stk-block-image-box stk-hover-parent stk-block stk-d2639dc is-style-default\" data-block-id=\"d2639dc\"><style>.stk-d2639dc {margin-top:-75px !important;margin-bottom:0px !important;}<\/style><div class=\"stk-block-content stk-inner-blocks has-text-align-center stk-row stk-block-image-box__content\">\n<div class=\"wp-block-stackable-image stk-block-image stk-block stk-2417efa\" data-block-id=\"2417efa\"><style>.stk-2417efa .stk-img-wrapper{height:700px !important;--stk-gradient-overlay:0.4 !important;}.stk-2417efa .stk-img-wrapper img{object-position:50% 84% !important;}.stk-2417efa .stk-img-wrapper::after{background-color:var(--theme-palette-color-4, #0A1821) !important;}<\/style><figure><span class=\"stk-img-wrapper stk-image--shape-stretch\"><img loading=\"lazy\" decoding=\"async\" class=\"stk-img wp-image-5339\" src=\"https:\/\/wmt-leipzig.de\/\/wp-content\/uploads\/2024\/01\/header_universalrundschleifmaschine.jpg\" width=\"1760\" height=\"970\" srcset=\"https:\/\/wmt-leipzig.de\/wp-content\/uploads\/2024\/01\/header_universalrundschleifmaschine.jpg 1760w, https:\/\/wmt-leipzig.de\/wp-content\/uploads\/2024\/01\/header_universalrundschleifmaschine-300x165.jpg 300w, https:\/\/wmt-leipzig.de\/wp-content\/uploads\/2024\/01\/header_universalrundschleifmaschine-1024x564.jpg 1024w, https:\/\/wmt-leipzig.de\/wp-content\/uploads\/2024\/01\/header_universalrundschleifmaschine-768x423.jpg 768w, https:\/\/wmt-leipzig.de\/wp-content\/uploads\/2024\/01\/header_universalrundschleifmaschine-1536x847.jpg 1536w, https:\/\/wmt-leipzig.de\/wp-content\/uploads\/2024\/01\/header_universalrundschleifmaschine-18x10.jpg 18w\" sizes=\"auto, (max-width: 1760px) 100vw, 1760px\" \/><\/span><\/figure><\/div>\n\n\n\n<div class=\"wp-block-stackable-column stk-block-column stk-column stk-block stk-7e201d2\" data-v=\"4\" data-block-id=\"7e201d2\"><style>.stk-7e201d2 {align-items:center !important;display:flex !important;}<\/style><div class=\"stk-column-wrapper stk-block-column__content stk-container stk-7e201d2-container stk--no-background stk--no-padding\"><div class=\"stk-block-content stk-inner-blocks stk-7e201d2-inner-blocks\">\n<div class=\"wp-block-stackable-heading stk-block-heading stk--hide-mobile stk-block-heading--v2 stk-block stk-4729e17\" id=\"universal-rundschleifmaschinen\" data-block-id=\"4729e17\"><style>.stk-4729e17 .stk-block-heading__text{font-size:60px !important;color:#FFFFFF !important;}@media screen and (max-width:999px){.stk-4729e17 .stk-block-heading__text{font-size:50px !important;}}@media screen and (max-width:689px){.stk-4729e17 .stk-block-heading__text{font-size:31px !important;}}<\/style><h1 class=\"stk-block-heading__text has-text-color has-white-color\">Universal grinding machines<\/h1><\/div>\n\n\n\n<div class=\"wp-block-stackable-heading stk-block-heading stk--hide-desktop stk--hide-tablet stk-block-heading--v2 stk-block stk-6196e1d\" id=\"universal-br-rundschleifmaschinen\" data-block-id=\"6196e1d\"><style>.stk-6196e1d .stk-block-heading__text{font-size:31px !important;color:var(--theme-palette-color-5, #F2F2F2) !important;}@media screen and (max-width:999px){.stk-6196e1d .stk-block-heading__text{font-size:31px !important;}}<\/style><h1 class=\"stk-block-heading__text has-text-color has-text-align-center\">Universal<br>grinding machines<\/h1><\/div>\n<\/div><\/div><\/div>\n<\/div><\/div>\n\n\n\n<div class=\"wp-block-stackable-spacer alignfull stk-block-spacer stk--no-padding stk-block stk-88ed540\" data-block-id=\"88ed540\"><style>.stk-88ed540 {height:100px !important;}<\/style><\/div>\n\n\n\n<div class=\"wp-block-stackable-columns aligncenter stk-block-columns stk-block stk-5d672f4\" data-block-id=\"5d672f4\"><style>.stk-5d672f4 {margin-bottom:0px !important;}@media screen and (max-width:689px){.stk-5d672f4 {margin-bottom:0px !important;}}<\/style><div class=\"stk-row stk-inner-blocks stk-block-content stk-content-align stk-5d672f4-column\">\n<div class=\"wp-block-stackable-column stk-block-column stk-column stk-block stk-c2f7991\" data-v=\"4\" data-block-id=\"c2f7991\"><style>@media screen and (min-width:690px){.stk-c2f7991 {flex:var(--stk-flex-grow, 1) 1 calc(47% - var(--stk-column-gap, 0px) * 1 \/ 2 ) !important;}}<\/style><div class=\"stk-column-wrapper stk-block-column__content stk-container stk-c2f7991-container stk--no-background stk--no-padding\"><div class=\"stk-block-content stk-inner-blocks stk-c2f7991-inner-blocks\">\n<div class=\"wp-block-stackable-heading stk-block-heading stk-block-heading--v2 stk-block stk-eb0f8f0 has-75-font-size\" id=\"span-style-color-b-11-f-24-class-stk-highlight-mizar-span-span-style-color-var-stk-global-color-39199-b-11-f-24-class-stk-highlight-baureihe-span\" data-block-id=\"eb0f8f0\"><style>.stk-eb0f8f0 {margin-bottom:10px !important;}<\/style><h2 class=\"stk-block-heading__text\"><span style=\"color: #b11f24;\" class=\"stk-highlight\">MIZAR<\/span> <span style=\"color: var(--stk-global-color-39199, #b11f24);\" class=\"stk-highlight\">series<\/span><\/h2><\/div>\n\n\n\n<div class=\"wp-block-stackable-heading stk-block-heading stk-block-heading--v2 stk-block stk-65f8d0f\" id=\"fur-hochste-qualitatsanforderungen\" data-block-id=\"65f8d0f\"><style>.stk-65f8d0f {margin-bottom:23px !important;}<\/style><h5 class=\"stk-block-heading__text\">For the highest quality demands<\/h5><\/div>\n\n\n\n<div class=\"wp-block-stackable-image stk-block-image stk--hide-desktop stk--hide-tablet stk-block stk-5640f2e\" data-block-id=\"5640f2e\"><style>.stk-5640f2e {margin-bottom:0px !important;}.stk-5640f2e .stk-img-wrapper img{transform:scale(0.93) !important;object-position:52% 79% !important;}@media screen and (max-width:999px){.stk-5640f2e .stk-img-wrapper{width:100% !important;height:275px !important;}}@media screen and (max-width:689px){.stk-5640f2e {margin-top:-25px !important;margin-bottom:-11px !important;}.stk-5640f2e .stk-img-wrapper{width:100% !important;height:227px !important;}}<\/style><figure><span class=\"stk-img-wrapper stk-image--shape-stretch\"><img loading=\"lazy\" decoding=\"async\" class=\"stk-img wp-image-7485\" src=\"https:\/\/wmt-leipzig.de\/wp-content\/uploads\/2025\/04\/Mizar_ug1000_seite_720x720.jpg\" width=\"720\" height=\"500\" srcset=\"https:\/\/wmt-leipzig.de\/wp-content\/uploads\/2025\/04\/Mizar_ug1000_seite_720x720.jpg 720w, https:\/\/wmt-leipzig.de\/wp-content\/uploads\/2025\/04\/Mizar_ug1000_seite_720x720-300x208.jpg 300w, https:\/\/wmt-leipzig.de\/wp-content\/uploads\/2025\/04\/Mizar_ug1000_seite_720x720-18x12.jpg 18w\" sizes=\"auto, (max-width: 720px) 100vw, 720px\" \/><\/span><\/figure><\/div>\n\n\n\n<p>Find out more about the MIZAR universal cylindrical grinding machines, with their outstanding capabilities in external cylindrical, external non-circular, internal and face grinding, our machines define versatility at a new level.<\/p>\n\n\n\n<div class=\"wp-block-stackable-button-group stk-block-button-group stk-block stk-a9d1c10\" data-block-id=\"a9d1c10\"><div class=\"stk-row stk-inner-blocks stk-block-content stk-button-group\">\n<div class=\"wp-block-stackable-button stk-block-button stk-block stk-40153c8\" data-block-id=\"40153c8\"><style>.stk-40153c8 .stk-button{background:#b11f24 !important;}<\/style><a class=\"stk-link stk-button stk--hover-effect-darken\" href=\"https:\/\/wmt-leipzig.de\/en\/unsereprodukte\/universal-rundschleifmaschinen\/mizar-ug1000\/\"><span class=\"stk-button__inner-text\">More details<\/span><\/a><\/div>\n<\/div><\/div>\n<\/div><\/div><\/div>\n\n\n\n<div class=\"wp-block-stackable-column stk-block-column stk-column stk-block stk-97d22e6\" data-v=\"4\" data-block-id=\"97d22e6\"><style>@media screen and (min-width:690px){.stk-97d22e6 {flex:var(--stk-flex-grow, 1) 1 calc(53% - var(--stk-column-gap, 0px) * 1 \/ 2 ) !important;}}<\/style><div class=\"stk-column-wrapper stk-block-column__content stk-container stk-97d22e6-container stk--no-background stk--no-padding\"><div class=\"stk-block-content stk-inner-blocks stk-97d22e6-inner-blocks\">\n<div class=\"wp-block-stackable-image aligncenter stk-block-image stk--hide-mobile has-text-align-center has-text-align-center-mobile stk-block stk-57ac5a7\" data-block-id=\"57ac5a7\"><style>.stk-57ac5a7 {margin-bottom:0px !important;margin-left:-38px !important;}.stk-57ac5a7 .stk-img-wrapper{width:90% !important;}.stk-57ac5a7 .stk-img-wrapper img{transform:scale(0.95) !important;object-position:50% 50% !important;}@media screen and (max-width:999px){.stk-57ac5a7 .stk-img-wrapper{width:100% !important;height:275px !important;}}@media screen and (max-width:689px){.stk-57ac5a7 {margin-left:-8px !important;}.stk-57ac5a7 .stk-img-wrapper{width:99% !important;height:199px !important;}.stk-57ac5a7 .stk-img-wrapper img{object-position:48% 51% !important;}}<\/style><figure><span class=\"stk-img-wrapper stk-image--shape-stretch\"><img loading=\"lazy\" decoding=\"async\" class=\"stk-img wp-image-7485\" src=\"https:\/\/wmt-leipzig.de\/wp-content\/uploads\/2025\/04\/Mizar_ug1000_seite_720x720.jpg\" width=\"720\" height=\"500\" srcset=\"https:\/\/wmt-leipzig.de\/wp-content\/uploads\/2025\/04\/Mizar_ug1000_seite_720x720.jpg 720w, https:\/\/wmt-leipzig.de\/wp-content\/uploads\/2025\/04\/Mizar_ug1000_seite_720x720-300x208.jpg 300w, https:\/\/wmt-leipzig.de\/wp-content\/uploads\/2025\/04\/Mizar_ug1000_seite_720x720-18x12.jpg 18w\" sizes=\"auto, (max-width: 720px) 100vw, 720px\" \/><\/span><\/figure><\/div>\n<\/div><\/div><\/div>\n<\/div><\/div>\n\n\n\n<div class=\"wp-block-stackable-spacer alignfull stk-block-spacer stk--no-padding stk-block stk-5a2a209\" data-block-id=\"5a2a209\"><style>.stk-5a2a209 {height:150px !important;}<\/style><\/div>\n\n\n\n<div class=\"wp-block-stackable-columns alignfull stk-block-columns stk-block stk-2c1c08f stk-block-background\" data-block-id=\"2c1c08f\"><style>.stk-2c1c08f .stk--block-align-2c1c08f{align-items:center !important;}.stk-2c1c08f {background-color:#b11f24 !important;padding-top:50px !important;padding-right:55px !important;padding-bottom:50px !important;padding-left:55px !important;margin-bottom:-72px !important;z-index:2 !important;}.stk-2c1c08f:before{background-color:#b11f24 !important;}.stk-2c1c08f-column{--stk-column-gap:50px !important;row-gap:50px !important;}<\/style><div class=\"stk-row stk-inner-blocks stk--block-align-2c1c08f stk-block-content stk-content-align stk-2c1c08f-column alignfull\">\n<div class=\"wp-block-stackable-column stk-block-column stk-column stk-block stk-e2ad346\" data-v=\"4\" data-block-id=\"e2ad346\"><style>.stk-e2ad346-container{margin-top:0px !important;margin-right:0px !important;margin-bottom:0px !important;margin-left:0px !important;}@media screen and (min-width:690px){.stk-e2ad346 {flex:var(--stk-flex-grow, 1) 1 calc(73.6% - var(--stk-column-gap, 0px) * 1 \/ 2 ) !important;}}@media screen and (min-width:690px) and (max-width:999px){.stk-e2ad346 {flex:var(--stk-flex-grow, 1) 1 calc(100% - var(--stk-column-gap, 0px) * 0 \/ 1 ) !important;}}<\/style><div class=\"stk-column-wrapper stk-block-column__content stk-container stk-e2ad346-container stk--no-background stk--no-padding\"><div class=\"stk-block-content stk-inner-blocks stk-e2ad346-inner-blocks\">\n<div class=\"wp-block-stackable-heading stk-block-heading stk-block-heading--v2 stk-block stk-c767298\" id=\"sie-haben-fragen-oder-benotigen-weitere-informationen\" data-block-id=\"c767298\"><style>.stk-c767298 {margin-bottom:10px !important;}.stk-c767298 .stk-block-heading__text{color:var(--theme-palette-color-8, #ffffff) !important;}@media screen and (max-width:999px){.stk-c767298 {margin-bottom:20px !important;}.stk-c767298 .stk-block-heading__text{font-size:30px !important;}}<\/style><h3 class=\"stk-block-heading__text has-text-color has-palette-color-8-color has-text-align-center-tablet stk-block-heading--use-theme-margins\">Do you have any questions or need further information?<\/h3><\/div>\n\n\n\n<div class=\"wp-block-stackable-text stk-block-text stk-block stk-9bcb1cb\" data-block-id=\"9bcb1cb\"><style>.stk-9bcb1cb .stk-block-text__text{font-size:22px !important;color:var(--theme-palette-color-8, #ffffff) !important;}@media screen and (max-width:999px){.stk-9bcb1cb .stk-block-text__text{font-size:22px !important;}}<\/style><p class=\"stk-block-text__text has-text-color has-text-align-center-mobile\"><strong><strong><strong>Get in touch with us&nbsp;<\/strong><\/strong><\/strong><\/p><\/div>\n<\/div><\/div><\/div>\n\n\n\n<div class=\"wp-block-stackable-column stk-block-column stk-column stk-block stk-2ff3589\" data-v=\"4\" data-block-id=\"2ff3589\"><style>.stk-2ff3589-container{margin-top:0px !important;margin-right:0px !important;margin-bottom:0px !important;margin-left:0px !important;}@media screen and (min-width:690px){.stk-2ff3589 {flex:var(--stk-flex-grow, 1) 1 calc(26.4% - var(--stk-column-gap, 0px) * 1 \/ 2 ) !important;}}@media screen and (min-width:690px) and (max-width:999px){.stk-2ff3589 {flex:var(--stk-flex-grow, 1) 1 calc(100% - var(--stk-column-gap, 0px) * 0 \/ 1 ) !important;}}<\/style><div class=\"stk-column-wrapper stk-block-column__content stk-container stk-2ff3589-container stk--no-background stk--no-padding\"><div class=\"stk-block-content stk-inner-blocks stk-2ff3589-inner-blocks\">\n<div class=\"wp-block-stackable-button-group stk-block-button-group stk-block stk-0397b91\" data-block-id=\"0397b91\"><style>.stk-0397b91 .stk-inner-blocks{column-gap:30px !important;row-gap:20px !important;}<\/style><div class=\"stk-row stk-inner-blocks has-text-align-right has-text-align-center-tablet stk-block-content stk-button-group\">\n<div class=\"wp-block-stackable-button stk-block-button is-style-ghost stk-block stk-e39806f\" data-block-id=\"e39806f\"><style>.stk-e39806f {margin-top:0px !important;margin-right:0px !important;margin-bottom:0px !important;margin-left:0px !important;}.stk-e39806f .stk-button{padding-top:18px !important;padding-right:30px !important;padding-bottom:18px !important;padding-left:30px !important;background:transparent !important;}.stk-e39806f .stk-button:hover:after{background:var(--theme-palette-color-8, #ffffff) !important;opacity:1 !important;}:where(.stk-hover-parent:hover,  .stk-hover-parent.stk--is-hovered) .stk-e39806f .stk-button:after{background:transparent !important;opacity:1 !important;}.stk-e39806f .stk-button:before{border-style:solid !important;border-color:var(--theme-palette-color-8, #ffffff) !important;border-top-width:2px !important;border-right-width:2px !important;border-bottom-width:2px !important;border-left-width:2px !important;}.stk-e39806f .stk-button:hover:before{border-color:var(--theme-palette-color-2, #224DB7) !important;}.stk-e39806f .stk-button .stk--inner-svg svg:last-child, .stk-e39806f .stk-button .stk--inner-svg svg:last-child :is(g, path, rect, polygon, ellipse){fill:var(--theme-palette-color-4, #0A1821) !important;}.stk-e39806f .stk-button:hover .stk--inner-svg svg:last-child, .stk-e39806f .stk-button:hover .stk--inner-svg svg:last-child :is(g, path, rect, polygon, ellipse){fill:var(--theme-palette-color-2, #224DB7) !important;}.stk-e39806f .stk-button__inner-text{font-size:16px !important;color:var(--theme-palette-color-8, #ffffff) !important;font-weight:700 !important;text-transform:none !important;}.stk-e39806f .stk-button:hover .stk-button__inner-text{color:var(--stk-global-color-39199, #b11f24) !important;}@media screen and (max-width:999px){.stk-e39806f .stk-button__inner-text{font-size:16px !important;}}<\/style><a class=\"stk-link stk-button stk--hover-effect-darken\" href=\"mailto:sales@wmt-leipzig.de\"><span class=\"has-text-color has-palette-color-8-color stk-button__inner-text\">Send request<\/span><\/a><\/div>\n<\/div><\/div>\n<\/div><\/div><\/div>\n<\/div><\/div>\n\n\n\n<p><\/p>","protected":false},"excerpt":{"rendered":"<p>Universal Rundschleifmaschinen UniversalRundschleifmaschinen MIZAR Baureihe F\u00fcr h\u00f6chste Qualit\u00e4tsanforderungen Erfahren Sie mehr \u00fcber die MIZAR Universal Rundschleifmaschinen, perfekt f\u00fcr anspruchsvolle Produktionsumgebungen. Mit ihren herausragenden F\u00e4higkeiten in Au\u00dfenrund-, Au\u00dfenunrund-, Innen- und Planschleifen setzen sie neue Standards in Vielseitigkeit. Mehr Details Sie haben Fragen oder ben\u00f6tigen weitere Informationen? Dann nehmen Sie direkt Kontakt mit uns auf.&nbsp; Anfrage senden<\/p>","protected":false},"author":1,"featured_media":0,"parent":2623,"menu_order":0,"comment_status":"closed","ping_status":"closed","template":"","meta":{"footnotes":""},"class_list":["post-3307","page","type-page","status-publish","hentry"],"blocksy_meta":{"has_hero_section":"disabled","styles_descriptor":{"styles":{"desktop":"","tablet":"","mobile":""},"google_fonts":[],"version":6}},"yoast_head":"<!-- This site is optimized with the Yoast SEO plugin v27.0 - https:\/\/yoast.com\/product\/yoast-seo-wordpress\/ -->\n<title>Universal Rundschleifmaschinen - WMT Leipzig GmbH<\/title>\n<meta name=\"description\" content=\"Universal Rundschleifmaschinen, perfekt F\u00fcr h\u00f6chste Qualit\u00e4tsanforderungen.\" \/>\n<meta name=\"robots\" content=\"index, follow, max-snippet:-1, max-image-preview:large, max-video-preview:-1\" \/>\n<link rel=\"canonical\" href=\"https:\/\/wmt-leipzig.de\/en\/unsereprodukte\/universal-rundschleifmaschinen\/\" \/>\n<meta property=\"og:locale\" content=\"en_GB\" \/>\n<meta property=\"og:type\" content=\"article\" \/>\n<meta property=\"og:title\" content=\"Universal Rundschleifmaschinen - WMT Leipzig GmbH\" \/>\n<meta property=\"og:description\" content=\"Universal Rundschleifmaschinen, perfekt F\u00fcr h\u00f6chste Qualit\u00e4tsanforderungen.\" \/>\n<meta property=\"og:url\" content=\"https:\/\/wmt-leipzig.de\/en\/unsereprodukte\/universal-rundschleifmaschinen\/\" \/>\n<meta property=\"og:site_name\" content=\"WMT Leipzig GmbH\" \/>\n<meta property=\"article:modified_time\" content=\"2025-04-30T12:15:43+00:00\" \/>\n<meta property=\"og:image\" content=\"https:\/\/wmt-leipzig.de\/wp-content\/uploads\/2024\/01\/header_universalrundschleifmaschine.jpg\" \/>\n\t<meta property=\"og:image:width\" content=\"1760\" \/>\n\t<meta property=\"og:image:height\" content=\"970\" \/>\n\t<meta property=\"og:image:type\" content=\"image\/jpeg\" \/>\n<meta name=\"twitter:card\" content=\"summary_large_image\" \/>\n<meta name=\"twitter:label1\" content=\"Estimated reading time\" \/>\n\t<meta name=\"twitter:data1\" content=\"1 minute\" \/>\n<script type=\"application\/ld+json\" class=\"yoast-schema-graph\">{\"@context\":\"https:\/\/schema.org\",\"@graph\":[{\"@type\":\"WebPage\",\"@id\":\"https:\/\/wmt-leipzig.de\/unsereprodukte\/universal-rundschleifmaschinen\/\",\"url\":\"https:\/\/wmt-leipzig.de\/unsereprodukte\/universal-rundschleifmaschinen\/\",\"name\":\"Universal Rundschleifmaschinen - WMT Leipzig GmbH\",\"isPartOf\":{\"@id\":\"https:\/\/wmt-leipzig.de\/#website\"},\"primaryImageOfPage\":{\"@id\":\"https:\/\/wmt-leipzig.de\/unsereprodukte\/universal-rundschleifmaschinen\/#primaryimage\"},\"image\":{\"@id\":\"https:\/\/wmt-leipzig.de\/unsereprodukte\/universal-rundschleifmaschinen\/#primaryimage\"},\"thumbnailUrl\":\"https:\/\/wmt-leipzig.de\/\/wp-content\/uploads\/2024\/01\/header_universalrundschleifmaschine.jpg\",\"datePublished\":\"2023-11-20T12:24:13+00:00\",\"dateModified\":\"2025-04-30T12:15:43+00:00\",\"description\":\"Universal Rundschleifmaschinen, perfekt F\u00fcr h\u00f6chste Qualit\u00e4tsanforderungen.\",\"breadcrumb\":{\"@id\":\"https:\/\/wmt-leipzig.de\/unsereprodukte\/universal-rundschleifmaschinen\/#breadcrumb\"},\"inLanguage\":\"en-GB\",\"potentialAction\":[{\"@type\":\"ReadAction\",\"target\":[\"https:\/\/wmt-leipzig.de\/unsereprodukte\/universal-rundschleifmaschinen\/\"]}]},{\"@type\":\"ImageObject\",\"inLanguage\":\"en-GB\",\"@id\":\"https:\/\/wmt-leipzig.de\/unsereprodukte\/universal-rundschleifmaschinen\/#primaryimage\",\"url\":\"https:\/\/wmt-leipzig.de\/\/wp-content\/uploads\/2024\/01\/header_universalrundschleifmaschine.jpg\",\"contentUrl\":\"https:\/\/wmt-leipzig.de\/\/wp-content\/uploads\/2024\/01\/header_universalrundschleifmaschine.jpg\"},{\"@type\":\"BreadcrumbList\",\"@id\":\"https:\/\/wmt-leipzig.de\/unsereprodukte\/universal-rundschleifmaschinen\/#breadcrumb\",\"itemListElement\":[{\"@type\":\"ListItem\",\"position\":1,\"name\":\"Startseite\",\"item\":\"https:\/\/wmt-leipzig.de\/\"},{\"@type\":\"ListItem\",\"position\":2,\"name\":\"Unsere Produkte\",\"item\":\"https:\/\/wmt-leipzig.de\/unsereprodukte\/\"},{\"@type\":\"ListItem\",\"position\":3,\"name\":\"Universal Rundschleifmaschinen\"}]},{\"@type\":\"WebSite\",\"@id\":\"https:\/\/wmt-leipzig.de\/#website\",\"url\":\"https:\/\/wmt-leipzig.de\/\",\"name\":\"WMT Leipzig GmbH\",\"description\":\"Experte f\u00fcr Spitzenlose &amp; Universal Rundschleifmaschinen\",\"publisher\":{\"@id\":\"https:\/\/wmt-leipzig.de\/#organization\"},\"potentialAction\":[{\"@type\":\"SearchAction\",\"target\":{\"@type\":\"EntryPoint\",\"urlTemplate\":\"https:\/\/wmt-leipzig.de\/?s={search_term_string}\"},\"query-input\":{\"@type\":\"PropertyValueSpecification\",\"valueRequired\":true,\"valueName\":\"search_term_string\"}}],\"inLanguage\":\"en-GB\"},{\"@type\":\"Organization\",\"@id\":\"https:\/\/wmt-leipzig.de\/#organization\",\"name\":\"WMT Leipzig GmbH\",\"url\":\"https:\/\/wmt-leipzig.de\/\",\"logo\":{\"@type\":\"ImageObject\",\"inLanguage\":\"en-GB\",\"@id\":\"https:\/\/wmt-leipzig.de\/#\/schema\/logo\/image\/\",\"url\":\"https:\/\/wmt-leipzig.de\/wp-content\/uploads\/2023\/11\/logo_wmtl.png\",\"contentUrl\":\"https:\/\/wmt-leipzig.de\/wp-content\/uploads\/2023\/11\/logo_wmtl.png\",\"width\":153,\"height\":65,\"caption\":\"WMT Leipzig GmbH\"},\"image\":{\"@id\":\"https:\/\/wmt-leipzig.de\/#\/schema\/logo\/image\/\"},\"sameAs\":[\"https:\/\/www.linkedin.com\/company\/wmt-leipzig\/\"]}]}<\/script>\n<!-- \/ Yoast SEO plugin. -->","yoast_head_json":{"title":"Universal Rundschleifmaschinen - WMT Leipzig GmbH","description":"Universal Rundschleifmaschinen, perfekt F\u00fcr h\u00f6chste Qualit\u00e4tsanforderungen.","robots":{"index":"index","follow":"follow","max-snippet":"max-snippet:-1","max-image-preview":"max-image-preview:large","max-video-preview":"max-video-preview:-1"},"canonical":"https:\/\/wmt-leipzig.de\/en\/unsereprodukte\/universal-rundschleifmaschinen\/","og_locale":"en_GB","og_type":"article","og_title":"Universal Rundschleifmaschinen - WMT Leipzig GmbH","og_description":"Universal Rundschleifmaschinen, perfekt F\u00fcr h\u00f6chste Qualit\u00e4tsanforderungen.","og_url":"https:\/\/wmt-leipzig.de\/en\/unsereprodukte\/universal-rundschleifmaschinen\/","og_site_name":"WMT Leipzig GmbH","article_modified_time":"2025-04-30T12:15:43+00:00","og_image":[{"width":1760,"height":970,"url":"https:\/\/wmt-leipzig.de\/wp-content\/uploads\/2024\/01\/header_universalrundschleifmaschine.jpg","type":"image\/jpeg"}],"twitter_card":"summary_large_image","twitter_misc":{"Estimated reading time":"1 minute"},"schema":{"@context":"https:\/\/schema.org","@graph":[{"@type":"WebPage","@id":"https:\/\/wmt-leipzig.de\/unsereprodukte\/universal-rundschleifmaschinen\/","url":"https:\/\/wmt-leipzig.de\/unsereprodukte\/universal-rundschleifmaschinen\/","name":"Universal Rundschleifmaschinen - WMT Leipzig GmbH","isPartOf":{"@id":"https:\/\/wmt-leipzig.de\/#website"},"primaryImageOfPage":{"@id":"https:\/\/wmt-leipzig.de\/unsereprodukte\/universal-rundschleifmaschinen\/#primaryimage"},"image":{"@id":"https:\/\/wmt-leipzig.de\/unsereprodukte\/universal-rundschleifmaschinen\/#primaryimage"},"thumbnailUrl":"https:\/\/wmt-leipzig.de\/\/wp-content\/uploads\/2024\/01\/header_universalrundschleifmaschine.jpg","datePublished":"2023-11-20T12:24:13+00:00","dateModified":"2025-04-30T12:15:43+00:00","description":"Universal Rundschleifmaschinen, perfekt F\u00fcr h\u00f6chste Qualit\u00e4tsanforderungen.","breadcrumb":{"@id":"https:\/\/wmt-leipzig.de\/unsereprodukte\/universal-rundschleifmaschinen\/#breadcrumb"},"inLanguage":"en-GB","potentialAction":[{"@type":"ReadAction","target":["https:\/\/wmt-leipzig.de\/unsereprodukte\/universal-rundschleifmaschinen\/"]}]},{"@type":"ImageObject","inLanguage":"en-GB","@id":"https:\/\/wmt-leipzig.de\/unsereprodukte\/universal-rundschleifmaschinen\/#primaryimage","url":"https:\/\/wmt-leipzig.de\/\/wp-content\/uploads\/2024\/01\/header_universalrundschleifmaschine.jpg","contentUrl":"https:\/\/wmt-leipzig.de\/\/wp-content\/uploads\/2024\/01\/header_universalrundschleifmaschine.jpg"},{"@type":"BreadcrumbList","@id":"https:\/\/wmt-leipzig.de\/unsereprodukte\/universal-rundschleifmaschinen\/#breadcrumb","itemListElement":[{"@type":"ListItem","position":1,"name":"Startseite","item":"https:\/\/wmt-leipzig.de\/"},{"@type":"ListItem","position":2,"name":"Unsere Produkte","item":"https:\/\/wmt-leipzig.de\/unsereprodukte\/"},{"@type":"ListItem","position":3,"name":"Universal Rundschleifmaschinen"}]},{"@type":"WebSite","@id":"https:\/\/wmt-leipzig.de\/#website","url":"https:\/\/wmt-leipzig.de\/","name":"WMT Leipzig GmbH","description":"Experts in centerless &amp; universal grinding machines","publisher":{"@id":"https:\/\/wmt-leipzig.de\/#organization"},"potentialAction":[{"@type":"SearchAction","target":{"@type":"EntryPoint","urlTemplate":"https:\/\/wmt-leipzig.de\/?s={search_term_string}"},"query-input":{"@type":"PropertyValueSpecification","valueRequired":true,"valueName":"search_term_string"}}],"inLanguage":"en-GB"},{"@type":"Organization","@id":"https:\/\/wmt-leipzig.de\/#organization","name":"WMT Leipzig GmbH","url":"https:\/\/wmt-leipzig.de\/","logo":{"@type":"ImageObject","inLanguage":"en-GB","@id":"https:\/\/wmt-leipzig.de\/#\/schema\/logo\/image\/","url":"https:\/\/wmt-leipzig.de\/wp-content\/uploads\/2023\/11\/logo_wmtl.png","contentUrl":"https:\/\/wmt-leipzig.de\/wp-content\/uploads\/2023\/11\/logo_wmtl.png","width":153,"height":65,"caption":"WMT Leipzig GmbH"},"image":{"@id":"https:\/\/wmt-leipzig.de\/#\/schema\/logo\/image\/"},"sameAs":["https:\/\/www.linkedin.com\/company\/wmt-leipzig\/"]}]}},"_links":{"self":[{"href":"https:\/\/wmt-leipzig.de\/en\/wp-json\/wp\/v2\/pages\/3307","targetHints":{"allow":["GET"]}}],"collection":[{"href":"https:\/\/wmt-leipzig.de\/en\/wp-json\/wp\/v2\/pages"}],"about":[{"href":"https:\/\/wmt-leipzig.de\/en\/wp-json\/wp\/v2\/types\/page"}],"author":[{"embeddable":true,"href":"https:\/\/wmt-leipzig.de\/en\/wp-json\/wp\/v2\/users\/1"}],"replies":[{"embeddable":true,"href":"https:\/\/wmt-leipzig.de\/en\/wp-json\/wp\/v2\/comments?post=3307"}],"version-history":[{"count":153,"href":"https:\/\/wmt-leipzig.de\/en\/wp-json\/wp\/v2\/pages\/3307\/revisions"}],"predecessor-version":[{"id":7528,"href":"https:\/\/wmt-leipzig.de\/en\/wp-json\/wp\/v2\/pages\/3307\/revisions\/7528"}],"up":[{"embeddable":true,"href":"https:\/\/wmt-leipzig.de\/en\/wp-json\/wp\/v2\/pages\/2623"}],"wp:attachment":[{"href":"https:\/\/wmt-leipzig.de\/en\/wp-json\/wp\/v2\/media?parent=3307"}],"curies":[{"name":"wp","href":"https:\/\/api.w.org\/{rel}","templated":true}]}}