{"id":3417,"date":"2023-11-20T22:03:39","date_gmt":"2023-11-20T22:03:39","guid":{"rendered":"https:\/\/wmt-leipzig.de\/\/?page_id=3417"},"modified":"2025-05-06T13:21:19","modified_gmt":"2025-05-06T13:21:19","slug":"datenschutzerklaerung","status":"publish","type":"page","link":"https:\/\/wmt-leipzig.de\/en\/datenschutzerklaerung\/","title":{"rendered":"Privacy policy"},"content":{"rendered":"<div class=\"wp-block-stackable-heading stk-block-heading stk-block-heading--v2 stk-block stk-b3fa803\" id=\"datenschutzerklarung\" data-block-id=\"b3fa803\"><style>.stk-b3fa803 {margin-bottom:10px !important;}.stk-b3fa803 .stk-block-heading__text{color:var(--stk-global-color-39199, #b11f24) !important;}<\/style><h2 class=\"stk-block-heading__text has-text-color\">Privacy policy<\/h2><\/div>\n\n\n\n<div class=\"wp-block-stackable-text stk-block-text stk-block stk-9820699\" data-block-id=\"9820699\"><p class=\"stk-block-text__text\">Verantwortlicher im Sinne der Datenschutzgesetze, insbesondere der EU-Datenschutzgrundverordnung (DSGVO), ist:<\/p><\/div>\n\n\n\n\n\n<div class=\"wp-block-stackable-heading stk-block-heading stk-block-heading--v2 stk-block stk-e9794cb\" id=\"ihre-betroffenenrechte\" data-block-id=\"e9794cb\"><style>.stk-e9794cb {margin-bottom:10px !important;}.stk-e9794cb .stk-block-heading__text{color:var(--stk-global-color-39199, #b11f24) !important;}<\/style><h4 class=\"stk-block-heading__text has-text-color\">Ihre Betroffenenrechte<\/h4><\/div>\n\n\n\n<p>Unter den angegebenen Kontaktdaten unserer Kontaktperson k\u00f6nnen Sie jederzeit folgende Rechte aus\u00fcben:<\/p>\n\n\n\n<ul class=\"wp-block-list\">\n<li>Auskunft \u00fcber Ihre bei uns gespeicherten Daten und deren Verarbeitung (Art. 15 DSGVO),<\/li>\n\n\n\n<li>Berichtigung unrichtiger personenbezogener Daten (Art. 16 DSGVO),<\/li>\n\n\n\n<li>L\u00f6schung Ihrer bei uns gespeicherten Daten (Art. 17 DSGVO),<\/li>\n\n\n\n<li>Einschr\u00e4nkung der Datenverarbeitung (Art. 18 DSGVO),<\/li>\n\n\n\n<li>Widerspruch gegen die Verarbeitung Ihrer Daten bei uns (Art. 21 DSGVO) und<\/li>\n\n\n\n<li>Daten\u00fcbertragbarkeit (Art. 20 DSGVO).<\/li>\n<\/ul>\n\n\n\n<p>Sofern Sie uns eine Einwilligung erteilt haben, k\u00f6nnen Sie diese jederzeit mit Wirkung f\u00fcr die Zukunft widerrufen.<\/p>\n\n\n\n<p>You can contact a supervisory authority at any time with a complaint, e.g. B. to the responsible supervisory authority in the federal state of your place of residence or to the authority responsible for us.<\/p>\n\n\n\n<p>Eine Liste der Aufsichtsbeh\u00f6rden (f\u00fcr den nicht\u00f6ffentlichen Bereich) mit&nbsp;<a href=\"https:\/\/www.bfdi.bund.de\/DE\/Service\/Anschriften\/Laender\/Laender-node.html\" target=\"_blank\" rel=\"noreferrer noopener\">Anschrift finden Sie hier<\/a>.<\/p>\n\n\n\n<div class=\"wp-block-stackable-heading stk-block-heading stk-block-heading--v2 stk-block stk-2da2ee2\" id=\"erfassung-allgemeiner-informationen-beim-besuch-unserer-website\" data-block-id=\"2da2ee2\"><style>.stk-2da2ee2 {margin-bottom:10px !important;}.stk-2da2ee2 .stk-block-heading__text{color:var(--stk-global-color-39199, #b11f24) !important;}<\/style><h4 class=\"stk-block-heading__text has-text-color\">Erfassung allgemeiner Informationen beim Besuch unserer Website<\/h4><\/div>\n\n\n\n<div class=\"wp-block-stackable-heading stk-block-heading stk-block-heading--v2 stk-block stk-0264199\" id=\"strong-art-und-zweck-der-verarbeitung-strong\" data-block-id=\"0264199\"><style>.stk-0264199 {margin-bottom:5px !important;}.stk-0264199 .stk-block-heading__text{font-family:\"Mulish\", Sans-serif !important;}<\/style><h5 class=\"stk-block-heading__text\"><strong>Art und Zweck der Verarbeitung:<\/strong><\/h5><\/div>\n\n\n\n<p>Wenn Sie auf unsere Website zugreifen, d.h., wenn Sie sich nicht registrieren oder anderweitig Informationen \u00fcbermitteln, werden automatisch Informationen allgemeiner Natur erfasst. Diese Informationen (Server-Logfiles) beinhalten etwa die Art des Webbrowsers, das verwendete Betriebssystem, den Domainnamen Ihres Internet-Service-Providers, Ihre IP-Adresse und \u00e4hnliches.<\/p>\n\n\n\n<p>Sie werden insbesondere zu folgenden Zwecken verarbeitet:<\/p>\n\n\n\n<ul class=\"wp-block-list\">\n<li>Sicherstellung eines problemlosen Verbindungsaufbaus der Website,<\/li>\n\n\n\n<li>Sicherstellung einer reibungslosen Nutzung unserer Website,<\/li>\n\n\n\n<li>Auswertung der Systemsicherheit und -stabilit\u00e4t sowie<\/li>\n\n\n\n<li>zur Optimierung unserer Website.<\/li>\n<\/ul>\n\n\n\n<p>Wir verwenden Ihre Daten nicht, um R\u00fcckschl\u00fcsse auf Ihre Person zu ziehen. Informationen dieser Art werden von uns ggfs. anonymisiert statistisch ausgewertet, um unseren Internetauftritt und die dahinterstehende Technik zu optimieren.<\/p>\n\n\n\n<div class=\"wp-block-stackable-heading stk-block-heading stk-block-heading--v2 stk-block stk-d31adfe\" id=\"rechtsgrundlage-und-berechtigtes-interesse\" data-block-id=\"d31adfe\"><style>.stk-d31adfe {margin-bottom:10px !important;}.stk-d31adfe .stk-block-heading__text{color:var(--stk-global-color-39199, #b11f24) !important;}<\/style><h4 class=\"stk-block-heading__text has-text-color\">Rechtsgrundlage und berechtigtes Interesse<\/h4><\/div>\n\n\n\n<p>Die Verarbeitung erfolgt gem\u00e4\u00df Art. 6 Abs. 1 lit. f DSGVO auf Basis unseres berechtigten Interesses an der Verbesserung der Stabilit\u00e4t und Funktionalit\u00e4t unserer Website.<\/p>\n\n\n\n<div class=\"wp-block-stackable-heading stk-block-heading stk-block-heading--v2 stk-block stk-544e83c\" id=\"strong-empfanger-strong\" data-block-id=\"544e83c\"><style>.stk-544e83c {margin-bottom:5px !important;}<\/style><h5 class=\"stk-block-heading__text\"><strong>Empf\u00e4nger<\/strong><\/h5><\/div>\n\n\n\n<p>Empf\u00e4nger der Daten sind ggf. technische Dienstleister, die f\u00fcr den Betrieb und die Wartung unserer Webseite als Auftragsverarbeiter t\u00e4tig werden.<\/p>\n\n\n\n<div class=\"wp-block-stackable-heading stk-block-heading stk-block-heading--v2 stk-block stk-9c5dc7a\" id=\"strong-speicherdauer-strong\" data-block-id=\"9c5dc7a\"><style>.stk-9c5dc7a {margin-bottom:5px !important;}<\/style><h5 class=\"stk-block-heading__text\"><strong>Speicherdauer<\/strong><\/h5><\/div>\n\n\n\n<p id=\"empfanger\">Die Daten werden gel\u00f6scht, sobald diese f\u00fcr den Zweck der Erhebung nicht mehr erforderlich sind. Dies ist f\u00fcr die Daten, die der Bereitstellung der Website dienen, grunds\u00e4tzlich der Fall, wenn die jeweilige Sitzung beendet ist.<\/p>\n\n\n\n<div class=\"wp-block-stackable-heading stk-block-heading stk-block-heading--v2 stk-block stk-4a1575c\" id=\"strong-bereitstellung-vorgeschrieben-oder-erforderlich-strong\" data-block-id=\"4a1575c\"><style>.stk-4a1575c {margin-bottom:5px !important;}<\/style><h5 class=\"stk-block-heading__text\"><strong>Bereitstellung vorgeschrieben oder erforderlich<\/strong><\/h5><\/div>\n\n\n\n<p id=\"speicherdauer\">Die Bereitstellung der vorgenannten personenbezogenen Daten ist weder gesetzlich noch vertraglich vorgeschrieben. Ohne die IP-Adresse ist jedoch der Dienst und die Funktionsf\u00e4higkeit unserer Website nicht gew\u00e4hrleistet. Zudem k\u00f6nnen einzelne Dienste und Services nicht verf\u00fcgbar oder eingeschr\u00e4nkt sein.<\/p>\n\n\n\n<div class=\"wp-block-stackable-heading stk-block-heading stk-block-heading--v2 stk-block stk-0bcec23\" id=\"kontaktformular\" data-block-id=\"0bcec23\"><style>.stk-0bcec23 .stk-block-heading__text{color:var(--stk-global-color-39199, #b11f24) !important;}<\/style><h4 class=\"stk-block-heading__text has-text-color\">Kontaktformular<\/h4><\/div>\n\n\n\n<div class=\"wp-block-stackable-heading stk-block-heading stk-block-heading--v2 stk-block stk-9a56326\" id=\"strong-art-und-zweck-der-verarbeitung-strong\" data-block-id=\"9a56326\"><style>.stk-9a56326 {margin-bottom:4px !important;}<\/style><h5 class=\"stk-block-heading__text\"><strong>Art und Zweck der Verarbeitung<\/strong><\/h5><\/div>\n\n\n\n<p id=\"strong-bereitstellung-vorgeschrieben-oder-erforderlich-strong\">Die von Ihnen eingegebenen Daten werden zum Zweck der individuellen Kommunikation mit Ihnen gespeichert. Hierf\u00fcr ist die Angabe einer validen E-Mail-Adresse sowie Ihres Namens erforderlich. Diese dient der Zuordnung der Anfrage und der anschlie\u00dfenden Beantwortung derselben. Die Angabe weiterer Daten ist optional.<\/p>\n\n\n\n<div class=\"wp-block-stackable-heading stk-block-heading stk-block-heading--v2 stk-block stk-c0b5418\" id=\"strong-rechtsgrundlage-strong\" data-block-id=\"c0b5418\"><style>.stk-c0b5418 {margin-bottom:0px !important;}<\/style><h5 class=\"stk-block-heading__text\"><strong>Rechtsgrundlage<\/strong><\/h5><\/div>\n\n\n\n<p>Die Verarbeitung der in das Kontaktformular eingegebenen Daten erfolgt auf der Grundlage eines berechtigten Interesses (Art. 6 Abs. 1 lit. f DSGVO).<\/p>\n\n\n\n<p>Durch Bereitstellung des Kontaktformulars m\u00f6chten wir Ihnen eine unkomplizierte Kontaktaufnahme erm\u00f6glichen. Ihre gemachten Angaben werden zum Zwecke der Bearbeitung der Anfrage sowie f\u00fcr m\u00f6gliche Anschlussfragen gespeichert.<\/p>\n\n\n\n<p>Sofern Sie mit uns Kontakt aufnehmen, um ein Angebot zu erfragen, erfolgt die Verarbeitung der in das Kontaktformular eingegebenen Daten zur Durchf\u00fchrung vorvertraglicher Ma\u00dfnahmen (Art. 6 Abs. 1 lit. b DSGVO).<\/p>\n\n\n\n<div class=\"wp-block-stackable-heading stk-block-heading stk-block-heading--v2 stk-block stk-47a5192\" id=\"strong-empfanger-strong\" data-block-id=\"47a5192\"><style>.stk-47a5192 {margin-bottom:5px !important;}<\/style><h5 class=\"stk-block-heading__text\"><strong>Empf\u00e4nger<\/strong><\/h5><\/div>\n\n\n\n<p>Empf\u00e4nger der Daten sind ggf. Auftragsverarbeiter.<\/p>\n\n\n\n<div class=\"wp-block-stackable-heading stk-block-heading stk-block-heading--v2 stk-block stk-e3a4922\" id=\"strong-strong-speicherdauer-strong-strong\" data-block-id=\"e3a4922\"><style>.stk-e3a4922 {margin-bottom:5px !important;}<\/style><h5 class=\"stk-block-heading__text\"><strong><strong>Speicherdauer<\/strong><\/strong><\/h5><\/div>\n\n\n\n<p>Daten werden sp\u00e4testens 6 Monate nach Bearbeitung der Anfrage gel\u00f6scht.<\/p>\n\n\n\n<p>Sofern es zu einem Vertragsverh\u00e4ltnis kommt, unterliegen wir den gesetzlichen Aufbewahrungsfristen nach HGB und l\u00f6schen Ihre Daten nach Ablauf dieser Fristen.<\/p>\n\n\n\n<div class=\"wp-block-stackable-heading stk-block-heading stk-block-heading--v2 stk-block stk-c07cff8\" id=\"strong-strong-bereitstellung-vorgeschrieben-oder-erforderlich-strong-strong\" data-block-id=\"c07cff8\"><style>.stk-c07cff8 {margin-bottom:5px !important;}<\/style><h5 class=\"stk-block-heading__text\"><strong><strong>Bereitstellung vorgeschrieben oder erforderlich<\/strong><\/strong><\/h5><\/div>\n\n\n\n<p>Die Bereitstellung Ihrer personenbezogenen Daten erfolgt freiwillig. Wir k\u00f6nnen Ihre Anfrage jedoch nur bearbeiten, sofern Sie uns Ihren Namen, Ihre E-Mail-Adresse und den Grund der Anfrage mitteilen.<\/p>\n\n\n\n<div class=\"wp-block-stackable-heading stk-block-heading stk-block-heading--v2 stk-block stk-861152a\" id=\"einsatz-von-cookies\" data-block-id=\"861152a\"><style>.stk-861152a {margin-bottom:0px !important;}.stk-861152a .stk-block-heading__text{color:var(--stk-global-color-39199, #b11f24) !important;}<\/style><h4 class=\"stk-block-heading__text has-text-color\">Einsatz von Cookies<\/h4><\/div>\n\n\n\n<p>F\u00fcr unseren Internetauftritt nutzen wir die Technik der Cookies. Cookies sind Informationen die von unserem Server in Ihrem Endger\u00e4t (z.B. Smartphone, Laptop) gespeichert oder aus diesem ausgelesen werden.<\/p>\n\n\n\n<p>Weitere Cookies k\u00f6nnen von Drittanbietern \u00fcber deren Plugins gesetzt werden. Informationen zu diesen Cookies finden Sie hier: <a href=\"https:\/\/wmt-leipzig.de\/en\/cookie-richtlinie-eu\/\">Cookie Policy<\/a><\/p>\n\n\n\n<p><strong>Deaktivieren und L\u00f6schen von Cookies:<br><\/strong>Sie k\u00f6nnen Ihren Internetbrowser verwenden, um Cookies automatisch oder manuell zu l\u00f6schen. Sie k\u00f6nnen auch festlegen, dass bestimmte Cookies m\u00f6glicherweise nicht platziert werden. Eine weitere M\u00f6glichkeit besteht darin, die Einstellungen Ihres Internetbrowsers so zu \u00e4ndern, dass Sie bei jedem Absetzen eines Cookies eine Nachricht erhalten. Weitere Informationen zu diesen Optionen finden Sie in den Anweisungen im Hilfebereich Ihres Browsers.<\/p>\n\n\n\n<p>Bitte beachten Sie, dass unsere Website m\u00f6glicherweise nicht richtig funktioniert, wenn alle Cookies deaktiviert sind. Wenn Sie die Cookies in Ihrem Browser l\u00f6schen, werden sie nach Ihrer Zustimmung erneut gesetzt, wenn Sie unsere Website erneut besuchen.<\/p>\n\n\n\n<div class=\"wp-block-stackable-heading stk-block-heading stk-block-heading--v2 stk-block stk-19f1585\" id=\"information-uber-ihr-widerspruchsrecht-nach-art-21-dsgvo\" data-block-id=\"19f1585\"><style>.stk-19f1585 .stk-block-heading__text{color:var(--stk-global-color-39199, #b11f24) !important;}<\/style><h4 class=\"stk-block-heading__text has-text-color\">Information \u00fcber ihr widerspruchsrecht nach Art. 21 DSGVO<\/h4><\/div>\n\n\n\n<div class=\"wp-block-stackable-heading stk-block-heading stk-block-heading--v2 stk-block stk-4d32a61\" id=\"strong-einzelfallbezogenes-widerspruchsrecht-strong\" data-block-id=\"4d32a61\"><style>.stk-4d32a61 {margin-bottom:5px !important;}<\/style><h5 class=\"stk-block-heading__text\"><strong>Einzelfallbezogenes Widerspruchsrecht<\/strong><\/h5><\/div>\n\n\n\n<div class=\"wp-block-stackable-text stk-block-text stk-block stk-9edc1da stk-block-background\" data-block-id=\"9edc1da\"><p class=\"stk-block-text__text\"><strong>Sie haben das Recht, aus Gr\u00fcnden, die sich aus Ihrer besonderen Situation ergeben, jederzeit gegen die Verarbeitung Sie betreffender personenbezogener Daten, die aufgrund Art. 6 Abs. 1 lit. f DSGVO erfolgt, Widerspruch einzulegen; dies gilt auch f\u00fcr ein auf diese Bestimmung gest\u00fctztes Profiling im Sinne von Art. 4 Nr. 4 DSGVO.<\/strong><\/p><\/div>\n\n\n\n<p>Legen Sie Widerspruch ein, werden wir Ihre personenbezogenen Daten nicht mehr verarbeiten, es sei denn, wir k\u00f6nnen zwingende schutzw\u00fcrdige Gr\u00fcnde f\u00fcr die Verarbeitung nachweisen, die Ihre Interessen, Rechte und Freiheiten \u00fcberwiegen, oder die Verarbeitung dient der Geltendmachung, Aus\u00fcbung oder Verteidigung von Rechtsanspr\u00fcchen.<\/p>\n\n\n\n<div class=\"wp-block-stackable-heading stk-block-heading stk-block-heading--v2 stk-block stk-eb30118\" id=\"anderung-unserer-datenschutzbestimmungen\" data-block-id=\"eb30118\"><style>.stk-eb30118 {margin-bottom:5px !important;}.stk-eb30118 .stk-block-heading__text{color:var(--stk-global-color-39199, #b11f24) !important;}<\/style><h4 class=\"stk-block-heading__text has-text-color\">\u00c4nderung unserer Datenschutzbestimmungen<\/h4><\/div>\n\n\n\n<p>Wir behalten uns vor, diese Datenschutzerkl\u00e4rung anzupassen, damit sie stets den aktuellen rechtlichen Anforderungen entspricht oder um \u00c4nderungen unserer Leistungen in der Datenschutzerkl\u00e4rung umzusetzen, z.B. bei der Einf\u00fchrung neuer Services. F\u00fcr Ihren erneuten Besuch gilt dann die neue Datenschutzerkl\u00e4rung.<\/p>\n\n\n\n<div class=\"wp-block-stackable-heading stk-block-heading stk-block-heading--v2 stk-block stk-1b3a9cd\" id=\"fragen-fur-datenschutz\" data-block-id=\"1b3a9cd\"><style>.stk-1b3a9cd {margin-bottom:5px !important;}.stk-1b3a9cd .stk-block-heading__text{color:var(--stk-global-color-39199, #b11f24) !important;}<\/style><h4 class=\"stk-block-heading__text has-text-color\">Fragen f\u00fcr Datenschutz<\/h4><\/div>\n\n\n\n<div class=\"wp-block-stackable-text stk-block-text stk-block stk-36580a5\" data-block-id=\"36580a5\"><style>.stk-36580a5 {margin-bottom:0px !important;}<\/style><p class=\"stk-block-text__text\">F\u00fcr alle Anfragen bez\u00fcglich Datenschutz stehen wir Ihnen gerne per E-Mail zur Verf\u00fcgung:<\/p><\/div>\n\n\n\n<p><a href=\"mailto:datenschutz@wmt-leipzig.de\">datenschutz@wmt-leipzig.de<\/a><\/p>\n\n\n\n<p>Unseren Datenschutzbeauftragten k\u00f6nnen Sie wie folgt kontaktieren:<br><a href=\"mailto:datenschutzbeauftragter@wmt-leipzig.de\">datenschutzbeauftragter@wmt-leipzig.de<\/a><\/p>\n\n\n\n<div class=\"wp-block-stackable-text stk-block-text stk-block stk-0149b88\" data-block-id=\"0149b88\"><style>.stk-0149b88 .stk-block-text__text{font-size:15px !important;}@media screen and (max-width:999px){.stk-0149b88 .stk-block-text__text{font-size:15px !important;}}<\/style><p class=\"stk-block-text__text\"><em>Die Datenschutzerkl\u00e4rung wurde mithilfe der activeMind AG erstellt, den Experten f\u00fcr&nbsp;<a href=\"https:\/\/www.activemind.de\/datenschutz\/datenschutzbeauftragter\/\" target=\"_blank\" rel=\"noreferrer noopener\">externe Datenschutzbeauftragte<\/a>&nbsp;(Version #2020-09-30).<br>Die Vorlage wurde angepasst.<\/em><\/p><\/div>","protected":false},"excerpt":{"rendered":"<p>Datenschutzerkl\u00e4rung Verantwortlicher im Sinne der Datenschutzgesetze, insbesondere der EU-Datenschutzgrundverordnung (DSGVO), ist: Ihre Betroffenenrechte Unter den angegebenen Kontaktdaten unserer Kontaktperson k\u00f6nnen Sie jederzeit folgende Rechte aus\u00fcben: Sofern Sie uns eine Einwilligung erteilt haben, k\u00f6nnen Sie diese jederzeit mit Wirkung f\u00fcr die Zukunft widerrufen. Sie k\u00f6nnen sich jederzeit mit einer Beschwerde an eine Aufsichtsbeh\u00f6rde wenden, z. B. [&hellip;]<\/p>\n","protected":false},"author":1,"featured_media":0,"parent":0,"menu_order":0,"comment_status":"closed","ping_status":"closed","template":"","meta":{"footnotes":""},"class_list":["post-3417","page","type-page","status-publish","hentry"],"blocksy_meta":[],"yoast_head":"<!-- This site is optimized with the Yoast SEO plugin v27.0 - https:\/\/yoast.com\/product\/yoast-seo-wordpress\/ -->\n<title>Datenschutzerkl\u00e4rung - WMT Leipzig GmbH<\/title>\n<meta name=\"robots\" content=\"index, follow, max-snippet:-1, max-image-preview:large, max-video-preview:-1\" \/>\n<link rel=\"canonical\" href=\"https:\/\/wmt-leipzig.de\/en\/datenschutzerklaerung\/\" \/>\n<meta property=\"og:locale\" content=\"en_GB\" \/>\n<meta property=\"og:type\" content=\"article\" \/>\n<meta property=\"og:title\" content=\"Datenschutzerkl\u00e4rung - WMT Leipzig GmbH\" \/>\n<meta property=\"og:description\" content=\"Datenschutzerkl\u00e4rung Verantwortlicher im Sinne der Datenschutzgesetze, insbesondere der EU-Datenschutzgrundverordnung (DSGVO), ist: Ihre Betroffenenrechte Unter den angegebenen Kontaktdaten unserer Kontaktperson k\u00f6nnen Sie jederzeit folgende Rechte aus\u00fcben: Sofern Sie uns eine Einwilligung erteilt haben, k\u00f6nnen Sie diese jederzeit mit Wirkung f\u00fcr die Zukunft widerrufen. Sie k\u00f6nnen sich jederzeit mit einer Beschwerde an eine Aufsichtsbeh\u00f6rde wenden, z. B. [&hellip;]\" \/>\n<meta property=\"og:url\" content=\"https:\/\/wmt-leipzig.de\/en\/datenschutzerklaerung\/\" \/>\n<meta property=\"og:site_name\" content=\"WMT Leipzig GmbH\" \/>\n<meta property=\"article:modified_time\" content=\"2025-05-06T13:21:19+00:00\" \/>\n<meta name=\"twitter:card\" content=\"summary_large_image\" \/>\n<meta name=\"twitter:label1\" content=\"Estimated reading time\" \/>\n\t<meta name=\"twitter:data1\" content=\"6 minutes\" \/>\n<script type=\"application\/ld+json\" class=\"yoast-schema-graph\">{\"@context\":\"https:\/\/schema.org\",\"@graph\":[{\"@type\":\"WebPage\",\"@id\":\"https:\/\/wmt-leipzig.de\/datenschutzerklaerung\/\",\"url\":\"https:\/\/wmt-leipzig.de\/datenschutzerklaerung\/\",\"name\":\"Datenschutzerkl\u00e4rung - WMT Leipzig GmbH\",\"isPartOf\":{\"@id\":\"https:\/\/wmt-leipzig.de\/#website\"},\"datePublished\":\"2023-11-20T22:03:39+00:00\",\"dateModified\":\"2025-05-06T13:21:19+00:00\",\"breadcrumb\":{\"@id\":\"https:\/\/wmt-leipzig.de\/datenschutzerklaerung\/#breadcrumb\"},\"inLanguage\":\"en-GB\",\"potentialAction\":[{\"@type\":\"ReadAction\",\"target\":[\"https:\/\/wmt-leipzig.de\/datenschutzerklaerung\/\"]}]},{\"@type\":\"BreadcrumbList\",\"@id\":\"https:\/\/wmt-leipzig.de\/datenschutzerklaerung\/#breadcrumb\",\"itemListElement\":[{\"@type\":\"ListItem\",\"position\":1,\"name\":\"Startseite\",\"item\":\"https:\/\/wmt-leipzig.de\/\"},{\"@type\":\"ListItem\",\"position\":2,\"name\":\"Datenschutzerkl\u00e4rung\"}]},{\"@type\":\"WebSite\",\"@id\":\"https:\/\/wmt-leipzig.de\/#website\",\"url\":\"https:\/\/wmt-leipzig.de\/\",\"name\":\"WMT Leipzig GmbH\",\"description\":\"Experte f\u00fcr Spitzenlose &amp; Universal Rundschleifmaschinen\",\"publisher\":{\"@id\":\"https:\/\/wmt-leipzig.de\/#organization\"},\"potentialAction\":[{\"@type\":\"SearchAction\",\"target\":{\"@type\":\"EntryPoint\",\"urlTemplate\":\"https:\/\/wmt-leipzig.de\/?s={search_term_string}\"},\"query-input\":{\"@type\":\"PropertyValueSpecification\",\"valueRequired\":true,\"valueName\":\"search_term_string\"}}],\"inLanguage\":\"en-GB\"},{\"@type\":\"Organization\",\"@id\":\"https:\/\/wmt-leipzig.de\/#organization\",\"name\":\"WMT Leipzig GmbH\",\"url\":\"https:\/\/wmt-leipzig.de\/\",\"logo\":{\"@type\":\"ImageObject\",\"inLanguage\":\"en-GB\",\"@id\":\"https:\/\/wmt-leipzig.de\/#\/schema\/logo\/image\/\",\"url\":\"https:\/\/wmt-leipzig.de\/wp-content\/uploads\/2023\/11\/logo_wmtl.png\",\"contentUrl\":\"https:\/\/wmt-leipzig.de\/wp-content\/uploads\/2023\/11\/logo_wmtl.png\",\"width\":153,\"height\":65,\"caption\":\"WMT Leipzig GmbH\"},\"image\":{\"@id\":\"https:\/\/wmt-leipzig.de\/#\/schema\/logo\/image\/\"},\"sameAs\":[\"https:\/\/www.linkedin.com\/company\/wmt-leipzig\/\"]}]}<\/script>\n<!-- \/ Yoast SEO plugin. -->","yoast_head_json":{"title":"Datenschutzerkl\u00e4rung - WMT Leipzig GmbH","robots":{"index":"index","follow":"follow","max-snippet":"max-snippet:-1","max-image-preview":"max-image-preview:large","max-video-preview":"max-video-preview:-1"},"canonical":"https:\/\/wmt-leipzig.de\/en\/datenschutzerklaerung\/","og_locale":"en_GB","og_type":"article","og_title":"Datenschutzerkl\u00e4rung - WMT Leipzig GmbH","og_description":"Datenschutzerkl\u00e4rung Verantwortlicher im Sinne der Datenschutzgesetze, insbesondere der EU-Datenschutzgrundverordnung (DSGVO), ist: Ihre Betroffenenrechte Unter den angegebenen Kontaktdaten unserer Kontaktperson k\u00f6nnen Sie jederzeit folgende Rechte aus\u00fcben: Sofern Sie uns eine Einwilligung erteilt haben, k\u00f6nnen Sie diese jederzeit mit Wirkung f\u00fcr die Zukunft widerrufen. Sie k\u00f6nnen sich jederzeit mit einer Beschwerde an eine Aufsichtsbeh\u00f6rde wenden, z. B. [&hellip;]","og_url":"https:\/\/wmt-leipzig.de\/en\/datenschutzerklaerung\/","og_site_name":"WMT Leipzig GmbH","article_modified_time":"2025-05-06T13:21:19+00:00","twitter_card":"summary_large_image","twitter_misc":{"Estimated reading time":"6 minutes"},"schema":{"@context":"https:\/\/schema.org","@graph":[{"@type":"WebPage","@id":"https:\/\/wmt-leipzig.de\/datenschutzerklaerung\/","url":"https:\/\/wmt-leipzig.de\/datenschutzerklaerung\/","name":"Datenschutzerkl\u00e4rung - WMT Leipzig GmbH","isPartOf":{"@id":"https:\/\/wmt-leipzig.de\/#website"},"datePublished":"2023-11-20T22:03:39+00:00","dateModified":"2025-05-06T13:21:19+00:00","breadcrumb":{"@id":"https:\/\/wmt-leipzig.de\/datenschutzerklaerung\/#breadcrumb"},"inLanguage":"en-GB","potentialAction":[{"@type":"ReadAction","target":["https:\/\/wmt-leipzig.de\/datenschutzerklaerung\/"]}]},{"@type":"BreadcrumbList","@id":"https:\/\/wmt-leipzig.de\/datenschutzerklaerung\/#breadcrumb","itemListElement":[{"@type":"ListItem","position":1,"name":"Startseite","item":"https:\/\/wmt-leipzig.de\/"},{"@type":"ListItem","position":2,"name":"Datenschutzerkl\u00e4rung"}]},{"@type":"WebSite","@id":"https:\/\/wmt-leipzig.de\/#website","url":"https:\/\/wmt-leipzig.de\/","name":"WMT Leipzig GmbH","description":"Experts in centerless &amp; universal grinding machines","publisher":{"@id":"https:\/\/wmt-leipzig.de\/#organization"},"potentialAction":[{"@type":"SearchAction","target":{"@type":"EntryPoint","urlTemplate":"https:\/\/wmt-leipzig.de\/?s={search_term_string}"},"query-input":{"@type":"PropertyValueSpecification","valueRequired":true,"valueName":"search_term_string"}}],"inLanguage":"en-GB"},{"@type":"Organization","@id":"https:\/\/wmt-leipzig.de\/#organization","name":"WMT Leipzig GmbH","url":"https:\/\/wmt-leipzig.de\/","logo":{"@type":"ImageObject","inLanguage":"en-GB","@id":"https:\/\/wmt-leipzig.de\/#\/schema\/logo\/image\/","url":"https:\/\/wmt-leipzig.de\/wp-content\/uploads\/2023\/11\/logo_wmtl.png","contentUrl":"https:\/\/wmt-leipzig.de\/wp-content\/uploads\/2023\/11\/logo_wmtl.png","width":153,"height":65,"caption":"WMT Leipzig GmbH"},"image":{"@id":"https:\/\/wmt-leipzig.de\/#\/schema\/logo\/image\/"},"sameAs":["https:\/\/www.linkedin.com\/company\/wmt-leipzig\/"]}]}},"_links":{"self":[{"href":"https:\/\/wmt-leipzig.de\/en\/wp-json\/wp\/v2\/pages\/3417","targetHints":{"allow":["GET"]}}],"collection":[{"href":"https:\/\/wmt-leipzig.de\/en\/wp-json\/wp\/v2\/pages"}],"about":[{"href":"https:\/\/wmt-leipzig.de\/en\/wp-json\/wp\/v2\/types\/page"}],"author":[{"embeddable":true,"href":"https:\/\/wmt-leipzig.de\/en\/wp-json\/wp\/v2\/users\/1"}],"replies":[{"embeddable":true,"href":"https:\/\/wmt-leipzig.de\/en\/wp-json\/wp\/v2\/comments?post=3417"}],"version-history":[{"count":54,"href":"https:\/\/wmt-leipzig.de\/en\/wp-json\/wp\/v2\/pages\/3417\/revisions"}],"predecessor-version":[{"id":7582,"href":"https:\/\/wmt-leipzig.de\/en\/wp-json\/wp\/v2\/pages\/3417\/revisions\/7582"}],"wp:attachment":[{"href":"https:\/\/wmt-leipzig.de\/en\/wp-json\/wp\/v2\/media?parent=3417"}],"curies":[{"name":"wp","href":"https:\/\/api.w.org\/{rel}","templated":true}]}}