{"id":3924,"date":"2023-11-24T13:34:43","date_gmt":"2023-11-24T13:34:43","guid":{"rendered":"https:\/\/wmt-leipzig.de\/\/?page_id=3924"},"modified":"2025-05-06T13:20:53","modified_gmt":"2025-05-06T13:20:53","slug":"impressum","status":"publish","type":"page","link":"https:\/\/wmt-leipzig.de\/en\/impressum\/","title":{"rendered":"Imprint"},"content":{"rendered":"<div class=\"wp-block-stackable-heading stk-block-heading stk-block-heading--v2 stk-block stk-3b827a7\" id=\"impressum\" data-block-id=\"3b827a7\"><style>.stk-3b827a7 .stk-block-heading__text{color:var(--stk-global-color-39199, #b11f24) !important;text-transform:none !important;}<\/style><h2 class=\"stk-block-heading__text has-text-color\">Imprint<\/h2><\/div>\n\n\n\n<div class=\"wp-block-stackable-heading stk-block-heading stk-block-heading--v2 stk-block stk-86005f9\" id=\"angaben-gemass-5-tmg\" data-block-id=\"86005f9\"><style>.stk-86005f9 .stk-block-heading__text{color:var(--theme-palette-color-4, #0A1821) !important;text-transform:none !important;}<\/style><h5 class=\"stk-block-heading__text has-text-color\">According to \u00a7 5 TMG<\/h5><\/div>\n\n\n\n<div class=\"wp-block-stackable-columns stk-block-columns stk-block stk-c7fe61d\" data-block-id=\"c7fe61d\"><div class=\"stk-row stk-inner-blocks stk-block-content stk-content-align stk-c7fe61d-column\">\n<div class=\"wp-block-stackable-column stk-block-column stk-column stk-block stk-413c5c1\" data-v=\"4\" data-block-id=\"413c5c1\"><style>.stk-413c5c1 {margin-left:-22px !important;}<\/style><div class=\"stk-column-wrapper stk-block-column__content stk-container stk-413c5c1-container stk--no-background stk--no-padding\"><div class=\"stk-block-content stk-inner-blocks stk-413c5c1-inner-blocks\"><\/div><\/div><\/div>\n<\/div><\/div>\n\n\n\n<p><strong>Managing Director<\/strong><br>Frau Jing (Apple) Chu<\/p>\n\n\n\n<p><strong>Prokurist<\/strong><br>Herr Jens R\u00f6ger<\/p>\n\n\n\n<p><strong>Register court<\/strong><br>Amtsgericht Berlin, HRB 221985<\/p>\n\n\n\n<p><strong>Tax number<\/strong><br>232\/122\/04684<\/p>\n\n\n\n<p><strong>VAT identification number<\/strong><br>DE343683533<\/p>","protected":false},"excerpt":{"rendered":"<p>Impressum Angaben Gem\u00e4ss \u00a7 5 TMG Gesch\u00e4ftsf\u00fchrerFrau Jing (Apple) Chu ProkuristHerr Jens R\u00f6ger RegistergerichtAmtsgericht Berlin, HRB 221985 Steuernummer232\/122\/04684 Umsatzsteuer-IdentifikationsnummerDE343683533<\/p>","protected":false},"author":1,"featured_media":0,"parent":0,"menu_order":0,"comment_status":"closed","ping_status":"closed","template":"","meta":{"footnotes":""},"class_list":["post-3924","page","type-page","status-publish","hentry"],"blocksy_meta":[],"yoast_head":"<!-- This site is optimized with the Yoast SEO plugin v27.0 - https:\/\/yoast.com\/product\/yoast-seo-wordpress\/ -->\n<title>Impressum - WMT Leipzig GmbH<\/title>\n<meta name=\"robots\" content=\"index, follow, max-snippet:-1, max-image-preview:large, max-video-preview:-1\" \/>\n<link rel=\"canonical\" href=\"https:\/\/wmt-leipzig.de\/en\/impressum\/\" \/>\n<meta property=\"og:locale\" content=\"en_GB\" \/>\n<meta property=\"og:type\" content=\"article\" \/>\n<meta property=\"og:title\" content=\"Impressum - WMT Leipzig GmbH\" \/>\n<meta property=\"og:description\" content=\"Impressum Angaben Gem\u00e4ss \u00a7 5 TMG Gesch\u00e4ftsf\u00fchrerFrau Jing (Apple) Chu ProkuristHerr Jens R\u00f6ger RegistergerichtAmtsgericht Berlin, HRB 221985 Steuernummer232\/122\/04684 Umsatzsteuer-IdentifikationsnummerDE343683533\" \/>\n<meta property=\"og:url\" content=\"https:\/\/wmt-leipzig.de\/en\/impressum\/\" \/>\n<meta property=\"og:site_name\" content=\"WMT Leipzig GmbH\" \/>\n<meta property=\"article:modified_time\" content=\"2025-05-06T13:20:53+00:00\" \/>\n<meta name=\"twitter:card\" content=\"summary_large_image\" \/>\n<meta name=\"twitter:label1\" content=\"Estimated reading time\" \/>\n\t<meta name=\"twitter:data1\" content=\"1 minute\" \/>\n<script type=\"application\/ld+json\" class=\"yoast-schema-graph\">{\"@context\":\"https:\/\/schema.org\",\"@graph\":[{\"@type\":\"WebPage\",\"@id\":\"https:\/\/wmt-leipzig.de\/impressum\/\",\"url\":\"https:\/\/wmt-leipzig.de\/impressum\/\",\"name\":\"Impressum - WMT Leipzig GmbH\",\"isPartOf\":{\"@id\":\"https:\/\/wmt-leipzig.de\/#website\"},\"datePublished\":\"2023-11-24T13:34:43+00:00\",\"dateModified\":\"2025-05-06T13:20:53+00:00\",\"breadcrumb\":{\"@id\":\"https:\/\/wmt-leipzig.de\/impressum\/#breadcrumb\"},\"inLanguage\":\"en-GB\",\"potentialAction\":[{\"@type\":\"ReadAction\",\"target\":[\"https:\/\/wmt-leipzig.de\/impressum\/\"]}]},{\"@type\":\"BreadcrumbList\",\"@id\":\"https:\/\/wmt-leipzig.de\/impressum\/#breadcrumb\",\"itemListElement\":[{\"@type\":\"ListItem\",\"position\":1,\"name\":\"Startseite\",\"item\":\"https:\/\/wmt-leipzig.de\/\"},{\"@type\":\"ListItem\",\"position\":2,\"name\":\"Impressum\"}]},{\"@type\":\"WebSite\",\"@id\":\"https:\/\/wmt-leipzig.de\/#website\",\"url\":\"https:\/\/wmt-leipzig.de\/\",\"name\":\"WMT Leipzig GmbH\",\"description\":\"Experte f\u00fcr Spitzenlose &amp; Universal Rundschleifmaschinen\",\"publisher\":{\"@id\":\"https:\/\/wmt-leipzig.de\/#organization\"},\"potentialAction\":[{\"@type\":\"SearchAction\",\"target\":{\"@type\":\"EntryPoint\",\"urlTemplate\":\"https:\/\/wmt-leipzig.de\/?s={search_term_string}\"},\"query-input\":{\"@type\":\"PropertyValueSpecification\",\"valueRequired\":true,\"valueName\":\"search_term_string\"}}],\"inLanguage\":\"en-GB\"},{\"@type\":\"Organization\",\"@id\":\"https:\/\/wmt-leipzig.de\/#organization\",\"name\":\"WMT Leipzig GmbH\",\"url\":\"https:\/\/wmt-leipzig.de\/\",\"logo\":{\"@type\":\"ImageObject\",\"inLanguage\":\"en-GB\",\"@id\":\"https:\/\/wmt-leipzig.de\/#\/schema\/logo\/image\/\",\"url\":\"https:\/\/wmt-leipzig.de\/wp-content\/uploads\/2023\/11\/logo_wmtl.png\",\"contentUrl\":\"https:\/\/wmt-leipzig.de\/wp-content\/uploads\/2023\/11\/logo_wmtl.png\",\"width\":153,\"height\":65,\"caption\":\"WMT Leipzig GmbH\"},\"image\":{\"@id\":\"https:\/\/wmt-leipzig.de\/#\/schema\/logo\/image\/\"},\"sameAs\":[\"https:\/\/www.linkedin.com\/company\/wmt-leipzig\/\"]}]}<\/script>\n<!-- \/ Yoast SEO plugin. -->","yoast_head_json":{"title":"Impressum - WMT Leipzig GmbH","robots":{"index":"index","follow":"follow","max-snippet":"max-snippet:-1","max-image-preview":"max-image-preview:large","max-video-preview":"max-video-preview:-1"},"canonical":"https:\/\/wmt-leipzig.de\/en\/impressum\/","og_locale":"en_GB","og_type":"article","og_title":"Impressum - WMT Leipzig GmbH","og_description":"Impressum Angaben Gem\u00e4ss \u00a7 5 TMG Gesch\u00e4ftsf\u00fchrerFrau Jing (Apple) Chu ProkuristHerr Jens R\u00f6ger RegistergerichtAmtsgericht Berlin, HRB 221985 Steuernummer232\/122\/04684 Umsatzsteuer-IdentifikationsnummerDE343683533","og_url":"https:\/\/wmt-leipzig.de\/en\/impressum\/","og_site_name":"WMT Leipzig GmbH","article_modified_time":"2025-05-06T13:20:53+00:00","twitter_card":"summary_large_image","twitter_misc":{"Estimated reading time":"1 minute"},"schema":{"@context":"https:\/\/schema.org","@graph":[{"@type":"WebPage","@id":"https:\/\/wmt-leipzig.de\/impressum\/","url":"https:\/\/wmt-leipzig.de\/impressum\/","name":"Impressum - WMT Leipzig GmbH","isPartOf":{"@id":"https:\/\/wmt-leipzig.de\/#website"},"datePublished":"2023-11-24T13:34:43+00:00","dateModified":"2025-05-06T13:20:53+00:00","breadcrumb":{"@id":"https:\/\/wmt-leipzig.de\/impressum\/#breadcrumb"},"inLanguage":"en-GB","potentialAction":[{"@type":"ReadAction","target":["https:\/\/wmt-leipzig.de\/impressum\/"]}]},{"@type":"BreadcrumbList","@id":"https:\/\/wmt-leipzig.de\/impressum\/#breadcrumb","itemListElement":[{"@type":"ListItem","position":1,"name":"Startseite","item":"https:\/\/wmt-leipzig.de\/"},{"@type":"ListItem","position":2,"name":"Impressum"}]},{"@type":"WebSite","@id":"https:\/\/wmt-leipzig.de\/#website","url":"https:\/\/wmt-leipzig.de\/","name":"WMT Leipzig GmbH","description":"Experts in centerless &amp; universal grinding machines","publisher":{"@id":"https:\/\/wmt-leipzig.de\/#organization"},"potentialAction":[{"@type":"SearchAction","target":{"@type":"EntryPoint","urlTemplate":"https:\/\/wmt-leipzig.de\/?s={search_term_string}"},"query-input":{"@type":"PropertyValueSpecification","valueRequired":true,"valueName":"search_term_string"}}],"inLanguage":"en-GB"},{"@type":"Organization","@id":"https:\/\/wmt-leipzig.de\/#organization","name":"WMT Leipzig GmbH","url":"https:\/\/wmt-leipzig.de\/","logo":{"@type":"ImageObject","inLanguage":"en-GB","@id":"https:\/\/wmt-leipzig.de\/#\/schema\/logo\/image\/","url":"https:\/\/wmt-leipzig.de\/wp-content\/uploads\/2023\/11\/logo_wmtl.png","contentUrl":"https:\/\/wmt-leipzig.de\/wp-content\/uploads\/2023\/11\/logo_wmtl.png","width":153,"height":65,"caption":"WMT Leipzig GmbH"},"image":{"@id":"https:\/\/wmt-leipzig.de\/#\/schema\/logo\/image\/"},"sameAs":["https:\/\/www.linkedin.com\/company\/wmt-leipzig\/"]}]}},"_links":{"self":[{"href":"https:\/\/wmt-leipzig.de\/en\/wp-json\/wp\/v2\/pages\/3924","targetHints":{"allow":["GET"]}}],"collection":[{"href":"https:\/\/wmt-leipzig.de\/en\/wp-json\/wp\/v2\/pages"}],"about":[{"href":"https:\/\/wmt-leipzig.de\/en\/wp-json\/wp\/v2\/types\/page"}],"author":[{"embeddable":true,"href":"https:\/\/wmt-leipzig.de\/en\/wp-json\/wp\/v2\/users\/1"}],"replies":[{"embeddable":true,"href":"https:\/\/wmt-leipzig.de\/en\/wp-json\/wp\/v2\/comments?post=3924"}],"version-history":[{"count":12,"href":"https:\/\/wmt-leipzig.de\/en\/wp-json\/wp\/v2\/pages\/3924\/revisions"}],"predecessor-version":[{"id":7581,"href":"https:\/\/wmt-leipzig.de\/en\/wp-json\/wp\/v2\/pages\/3924\/revisions\/7581"}],"wp:attachment":[{"href":"https:\/\/wmt-leipzig.de\/en\/wp-json\/wp\/v2\/media?parent=3924"}],"curies":[{"name":"wp","href":"https:\/\/api.w.org\/{rel}","templated":true}]}}